{"id":1504,"date":"2020-11-06T20:17:19","date_gmt":"2020-11-06T20:17:19","guid":{"rendered":"http:\/\/caviahuetrail.com.ar\/?page_id=1504"},"modified":"2020-11-06T20:17:19","modified_gmt":"2020-11-06T20:17:19","slug":"nosotros","status":"publish","type":"page","link":"http:\/\/caviahuetrail.com.ar\/?page_id=1504","title":{"rendered":"Nosotros"},"content":{"rendered":"\n<p>Somos un selecto grupo de trabajo encabezados por Mart\u00edn Romero (profesor de educaci\u00f3n f\u00edsica y empresario con m\u00e1s de 20 a\u00f1os de experiencia en la realizaci\u00f3n de eventos de \u00edndole deportiva)<\/p>\n\n\n\n<p>Desde el a\u00f1o 2011, a trav\u00e9s de nuestra primera y tradicional competencia \u201cBardas Run\u201d venimos trabajando y aprendiendo junto a ustedes, c\u00f3mo brindar un mejor servicio, enfoc\u00e1ndonos siempre en el respeto y la seriedad que merecen tanto los participantes, como las comunidades receptoras y el soporte f\u00edsico donde se realizan nuestras competencias.<\/p>\n","protected":false},"excerpt":{"rendered":"<p>Somos un selecto grupo de trabajo encabezados por Mart\u00edn Romero (profesor de educaci\u00f3n f\u00edsica y empresario con m\u00e1s de 20 a\u00f1os de experiencia en la realizaci\u00f3n de eventos de \u00edndole deportiva) Desde el a\u00f1o 2011, a trav\u00e9s de nuestra primera y tradicional competencia \u201cBardas Run\u201d venimos trabajando y aprendiendo junto a ustedes, c\u00f3mo brindar un [&hellip;]<\/p>\n","protected":false},"author":1,"featured_media":0,"parent":0,"menu_order":0,"comment_status":"closed","ping_status":"closed","template":"","meta":{"ngg_post_thumbnail":0},"_links":{"self":[{"href":"http:\/\/caviahuetrail.com.ar\/index.php?rest_route=\/wp\/v2\/pages\/1504"}],"collection":[{"href":"http:\/\/caviahuetrail.com.ar\/index.php?rest_route=\/wp\/v2\/pages"}],"about":[{"href":"http:\/\/caviahuetrail.com.ar\/index.php?rest_route=\/wp\/v2\/types\/page"}],"author":[{"embeddable":true,"href":"http:\/\/caviahuetrail.com.ar\/index.php?rest_route=\/wp\/v2\/users\/1"}],"replies":[{"embeddable":true,"href":"http:\/\/caviahuetrail.com.ar\/index.php?rest_route=%2Fwp%2Fv2%2Fcomments&post=1504"}],"version-history":[{"count":1,"href":"http:\/\/caviahuetrail.com.ar\/index.php?rest_route=\/wp\/v2\/pages\/1504\/revisions"}],"predecessor-version":[{"id":1506,"href":"http:\/\/caviahuetrail.com.ar\/index.php?rest_route=\/wp\/v2\/pages\/1504\/revisions\/1506"}],"wp:attachment":[{"href":"http:\/\/caviahuetrail.com.ar\/index.php?rest_route=%2Fwp%2Fv2%2Fmedia&parent=1504"}],"curies":[{"name":"wp","href":"https:\/\/api.w.org\/{rel}","templated":true}]}}